{"id":35,"date":"2015-04-21T13:44:17","date_gmt":"2015-04-21T13:44:17","guid":{"rendered":"http:\/\/test.enfance-majuscule.fr\/?page_id=35"},"modified":"2023-12-01T16:13:21","modified_gmt":"2023-12-01T16:13:21","slug":"nos-partenaires","status":"publish","type":"page","link":"https:\/\/enfance-majuscule.fr\/ancien-site\/nos-partenaires\/","title":{"rendered":"NOS PARTENAIRES"},"content":{"rendered":"\n<div class=\"wp-block-media-text alignwide is-stacked-on-mobile\" style=\"grid-template-columns:18% auto\"><figure class=\"wp-block-media-text__media\"><img loading=\"lazy\" decoding=\"async\" width=\"196\" height=\"267\" src=\"http:\/\/enfance-majuscule.fr\/wp-content\/uploads\/2019\/03\/logo-BB1.jpg\" alt=\"\" class=\"wp-image-3826 size-full\"\/><\/figure><div class=\"wp-block-media-text__content\">\n<h3 class=\"wp-block-heading\"><strong><a href=\"http:\/\/www.boulognebillancourt.com\/cms\/index.php\" target=\"_blank\" rel=\"noreferrer noopener\" aria-label=\" (s\u2019ouvre dans un nouvel onglet)\">La Mairie de Boulogne-Billancourt<\/a><\/strong><\/h3>\n\n\n\n<h5 class=\"wp-block-heading\">Elle est l\u2019appui historique de l\u2019association et supporte avec bienveillance chacune de ses manifestations. Gr\u00e2ce \u00e0 une subvention&nbsp;et des locaux mis \u00e0 sa disposition, ENFANCE <em>majuscule<\/em> trouve \u00e0&nbsp;Boulogne un point d\u2019ancrage central qui lui permet de rayonner dans toute l\u2019Ile de France. C\u2019est le soutien logistique de la Mairie qui permet au Prix media de se tenir \u00e0 l&rsquo;espace Landowski depuis 2013.<\/h5>\n<\/div><\/div>\n\n\n\n<div class=\"wp-block-media-text alignwide is-stacked-on-mobile\" style=\"grid-template-columns:18% auto\"><figure class=\"wp-block-media-text__media\"><img loading=\"lazy\" decoding=\"async\" width=\"174\" height=\"64\" src=\"http:\/\/enfance-majuscule.fr\/wp-content\/uploads\/2015\/07\/Fondation-pour-lenfance.gif\" alt=\"Fondation pour l'enfance\" class=\"wp-image-916 size-full\"\/><\/figure><div class=\"wp-block-media-text__content\">\n<h3 class=\"wp-block-heading\"><strong><a href=\"https:\/\/www.fondation-enfance.org\/\" target=\"_blank\" rel=\"noreferrer noopener\" aria-label=\"La Fondation po (s\u2019ouvre dans un nouvel onglet)\">La Fondation po<\/a><a href=\"https:\/\/www.fondation-enfance.org\/\">ur l\u2019Enfance<\/a><\/strong><\/h3>\n\n\n\n<h5 class=\"wp-block-heading\">Partenaire d\u2019ENFANCE <em>majuscule<\/em> dans tous les combats pour la protection des enfants depuis 1977, la Fondation fut \u00e0 l\u2019origine, aux c\u00f4t\u00e9s de Simone Chalon, de la cr\u00e9ation du num\u00e9ro vert national 119 Allo Enfance Maltrait\u00e9e.<br>La Fondation pour l\u2019Enfance est partenaire officiel du Prix M\u00e9dia ENFANCE <em>majuscule<\/em>, en relais du prix fond\u00e9 par Madame Anne Aymone&nbsp;Giscard&nbsp;d\u2019Estaing il y a plus de 20 ans.<\/h5>\n<\/div><\/div>\n\n\n\n<div class=\"wp-block-media-text alignwide is-stacked-on-mobile\" style=\"grid-template-columns:18% auto\"><figure class=\"wp-block-media-text__media\"><img loading=\"lazy\" decoding=\"async\" width=\"540\" height=\"344\" src=\"http:\/\/enfance-majuscule.fr\/wp-content\/uploads\/2015\/04\/grands-rdv.png\" alt=\"\" class=\"wp-image-2235 size-full\" srcset=\"https:\/\/enfance-majuscule.fr\/ancien-site\/wp-content\/uploads\/2015\/04\/grands-rdv.png 540w, https:\/\/enfance-majuscule.fr\/ancien-site\/wp-content\/uploads\/2015\/04\/grands-rdv-300x191.png 300w\" sizes=\"auto, (max-width: 540px) 100vw, 540px\" \/><\/figure><div class=\"wp-block-media-text__content\">\n<h3 class=\"wp-block-heading\"><strong><a href=\"http:\/\/www.rdvpetiteenfance.fr\/\" target=\"_blank\" rel=\"noreferrer noopener\" aria-label=\" (s\u2019ouvre dans un nouvel onglet)\">Les grands rendez-vous de la Petite Enfance<\/a><\/strong><\/h3>\n\n\n\n<h5 class=\"wp-block-heading\">Les Grands Rendez-vous de la Petite Enfance \u0153uvrent depuis 4 ans pour la valorisation du travail des professionnels de la petite enfance. Leur objectif : cr\u00e9er des occasions de dialogue entre le trio parent-enfant-professionnel via l\u2019organisation de plusieurs \u00e9v\u00e9nements nationaux : La Grande Semaine de la Petite Enfance et les Girafes Awards.<\/h5>\n<\/div><\/div>\n\n\n\n<div class=\"wp-block-media-text alignwide is-stacked-on-mobile\" style=\"grid-template-columns:18% auto\"><figure class=\"wp-block-media-text__media\"><img loading=\"lazy\" decoding=\"async\" width=\"496\" height=\"144\" src=\"http:\/\/enfance-majuscule.fr\/wp-content\/uploads\/2018\/07\/orbo.jpg\" alt=\"\" class=\"wp-image-3434 size-full\" srcset=\"https:\/\/enfance-majuscule.fr\/ancien-site\/wp-content\/uploads\/2018\/07\/orbo.jpg 496w, https:\/\/enfance-majuscule.fr\/ancien-site\/wp-content\/uploads\/2018\/07\/orbo-300x87.jpg 300w\" sizes=\"auto, (max-width: 496px) 100vw, 496px\" \/><\/figure><div class=\"wp-block-media-text__content\">\n<h3 class=\"wp-block-heading\"><strong><a rel=\"noreferrer noopener\" aria-label=\" (s\u2019ouvre dans un nouvel onglet)\" href=\"http:\/\/www.atelierdorbo.com\/\" target=\"_blank\">L&rsquo;Atelier d&rsquo;Orbo<\/a><\/strong><\/h3>\n\n\n\n<h5 class=\"wp-block-heading\">A deux pas de la Bastille, l&rsquo;atelier D&rsquo;Orbo et Evy Garcia organise chaque ann\u00e9e une exposition autour des oeuvres de ses \u00e9l\u00e8ves-artistes amateurs (de 7 \u00e0 90 ans). Cette exposition a pour but de r\u00e9colter des dons pour une association li\u00e9e \u00e0 l&rsquo;enfance. Le fil rouge est l&rsquo;association&nbsp; Enfance Majuscule depuis 1996.<\/h5>\n<\/div><\/div>\n\n\n\n<div class=\"wp-block-media-text alignwide is-stacked-on-mobile\" style=\"grid-template-columns:18% auto\"><figure class=\"wp-block-media-text__media\"><img loading=\"lazy\" decoding=\"async\" width=\"1024\" height=\"473\" src=\"http:\/\/enfance-majuscule.fr\/wp-content\/uploads\/2021\/09\/LOGO-TRANSPARENT-NOIR-POUR-FONC-BLANC-cmyk-1024x473.png\" alt=\"\" class=\"wp-image-8463 size-full\" srcset=\"https:\/\/enfance-majuscule.fr\/ancien-site\/wp-content\/uploads\/2021\/09\/LOGO-TRANSPARENT-NOIR-POUR-FONC-BLANC-cmyk-1024x473.png 1024w, https:\/\/enfance-majuscule.fr\/ancien-site\/wp-content\/uploads\/2021\/09\/LOGO-TRANSPARENT-NOIR-POUR-FONC-BLANC-cmyk-300x139.png 300w, https:\/\/enfance-majuscule.fr\/ancien-site\/wp-content\/uploads\/2021\/09\/LOGO-TRANSPARENT-NOIR-POUR-FONC-BLANC-cmyk-768x355.png 768w, https:\/\/enfance-majuscule.fr\/ancien-site\/wp-content\/uploads\/2021\/09\/LOGO-TRANSPARENT-NOIR-POUR-FONC-BLANC-cmyk-600x277.png 600w, https:\/\/enfance-majuscule.fr\/ancien-site\/wp-content\/uploads\/2021\/09\/LOGO-TRANSPARENT-NOIR-POUR-FONC-BLANC-cmyk.png 1491w\" sizes=\"auto, (max-width: 1024px) 100vw, 1024px\" \/><\/figure><div class=\"wp-block-media-text__content\">\n<h3 class=\"wp-block-heading\"><strong><a href=\"https:\/\/www.marriott.com\/hotels\/travel\/parsp-renaissance-paris-nobel-tour-eiffel-hotel\/\" target=\"_blank\" rel=\"noreferrer noopener\">Renaissance Paris Nobel Tour Eiffel<\/a><\/strong><\/h3>\n\n\n\n<h5 class=\"wp-block-heading\">Au c\u0153ur du 16\u00e8me arrondissement, le Renaissance Paris Nobel est l&rsquo;un de nos partenaires les plus pr\u00e9cieux. Depuis 2021, il accueille au sein de son somptueux restaurant les membres du Jury du Prix M\u00e9dia Enfance Majuscule, dans le cadre des d\u00e9lib\u00e9rations.<\/h5>\n\n\n\n<p><\/p>\n<\/div><\/div>\n\n\n\n<div class=\"wp-block-media-text is-stacked-on-mobile\" style=\"grid-template-columns:17% auto\"><figure class=\"wp-block-media-text__media\"><img loading=\"lazy\" decoding=\"async\" width=\"201\" height=\"136\" src=\"http:\/\/enfance-majuscule.fr\/wp-content\/uploads\/2023\/12\/logo-majuscule.png\" alt=\"\" class=\"wp-image-10312 size-full\"\/><\/figure><div class=\"wp-block-media-text__content\">\n<h3 class=\"wp-block-heading\"><a href=\"https:\/\/www.majuscule.fr\/\" target=\"_blank\" rel=\"noreferrer noopener\">MAJUSCULE<\/a><\/h3>\n\n\n\n<p><strong>Au titre de ce partenariat, Enfance Majuscule b\u00e9n\u00e9ficie d\u2019un soutien mat\u00e9riel et\/ou financier de la part de MAJUSCULE, dans le cadre de l\u2019organisation de ses \u00e9v\u00e8nements et de la promotion de ses diverses actions de sensibilisation et d\u2019information.<\/strong><\/p>\n<\/div><\/div>\n\n\n\n<h2 class=\"wp-block-heading\"><strong>Les \u00e9coles partenaires<\/strong><\/h2>\n\n\n\n<div class=\"wp-block-media-text alignwide is-stacked-on-mobile\" style=\"grid-template-columns:18% auto\"><figure class=\"wp-block-media-text__media\"><img loading=\"lazy\" decoding=\"async\" width=\"360\" height=\"360\" src=\"http:\/\/enfance-majuscule.fr\/wp-content\/uploads\/2021\/10\/logo-lisaa.jpg\" alt=\"\" class=\"wp-image-8551 size-full\" srcset=\"https:\/\/enfance-majuscule.fr\/ancien-site\/wp-content\/uploads\/2021\/10\/logo-lisaa.jpg 360w, https:\/\/enfance-majuscule.fr\/ancien-site\/wp-content\/uploads\/2021\/10\/logo-lisaa-150x150.jpg 150w, https:\/\/enfance-majuscule.fr\/ancien-site\/wp-content\/uploads\/2021\/10\/logo-lisaa-300x300.jpg 300w\" sizes=\"auto, (max-width: 360px) 100vw, 360px\" \/><\/figure><div class=\"wp-block-media-text__content\">\n<h3 class=\"wp-block-heading\"><strong><a href=\"https:\/\/www.lisaa.com\/fr\" target=\"_blank\" rel=\"noreferrer noopener\" aria-label=\"L'institut Sup\u00e9rieur des Arts Appliqu\u00e9s (s\u2019ouvre dans un nouvel onglet)\">L&rsquo;institut Sup\u00e9rieur des Arts Appliqu\u00e9s<\/a><\/strong><\/h3>\n\n\n\n<h5 class=\"wp-block-heading\">Depuis 2018, les \u00e9tudiants de la classe internationale de l&rsquo;\u00e9cole LISAA r\u00e9alisent des clips d&rsquo;animation sur des th\u00e9matiques n\u00e9cessaires de la protection de l&rsquo;enfance, dont le laur\u00e9at est r\u00e9compens\u00e9 au cours du \u00a8Prix M\u00e9dia Enfance Majuscule.<\/h5>\n\n\n\n<p><\/p>\n<\/div><\/div>\n\n\n\n<div class=\"wp-block-media-text alignwide is-stacked-on-mobile\" style=\"grid-template-columns:17% auto\"><figure class=\"wp-block-media-text__media\"><img loading=\"lazy\" decoding=\"async\" width=\"640\" height=\"432\" src=\"http:\/\/enfance-majuscule.fr\/wp-content\/uploads\/2021\/10\/logo-ISCOM.png\" alt=\"\" class=\"wp-image-8553 size-full\" srcset=\"https:\/\/enfance-majuscule.fr\/ancien-site\/wp-content\/uploads\/2021\/10\/logo-ISCOM.png 640w, https:\/\/enfance-majuscule.fr\/ancien-site\/wp-content\/uploads\/2021\/10\/logo-ISCOM-300x203.png 300w, https:\/\/enfance-majuscule.fr\/ancien-site\/wp-content\/uploads\/2021\/10\/logo-ISCOM-600x405.png 600w\" sizes=\"auto, (max-width: 640px) 100vw, 640px\" \/><\/figure><div class=\"wp-block-media-text__content\">\n<h3 class=\"wp-block-heading\"><strong><a href=\"https:\/\/www.iscom.fr\/fr\" target=\"_blank\" rel=\"noreferrer noopener\" aria-label=\"Institut Sup\u00e9rieur de Communication et Publicit\u00e9 (s\u2019ouvre dans un nouvel onglet)\">Institut Sup\u00e9rieur de Communication et Publicit\u00e9<\/a><\/strong><\/h3>\n\n\n\n<h5 class=\"wp-block-heading\">La collaboration mise en place depuis 2019 entre Enfance Majuscule et les Micro-Agences de l&rsquo;ISCOM, ainsi que sa fili\u00e8re cr\u00e9ative Le Quatre, a permis la r\u00e9alisation d&rsquo;actions de communication diverses et efficaces.<\/h5>\n<\/div><\/div>\n\n\n\n<div class=\"wp-block-media-text alignwide is-stacked-on-mobile\" style=\"grid-template-columns:17% auto\"><figure class=\"wp-block-media-text__media\"><img loading=\"lazy\" decoding=\"async\" width=\"332\" height=\"152\" src=\"http:\/\/enfance-majuscule.fr\/wp-content\/uploads\/2022\/07\/logo-ICE.png\" alt=\"\" class=\"wp-image-9329 size-full\" srcset=\"https:\/\/enfance-majuscule.fr\/ancien-site\/wp-content\/uploads\/2022\/07\/logo-ICE.png 332w, https:\/\/enfance-majuscule.fr\/ancien-site\/wp-content\/uploads\/2022\/07\/logo-ICE-300x137.png 300w\" sizes=\"auto, (max-width: 332px) 100vw, 332px\" \/><\/figure><div class=\"wp-block-media-text__content\">\n<h3 class=\"wp-block-heading\"><strong><a href=\"https:\/\/www.icenfance.org\/\" target=\"_blank\" rel=\"noreferrer noopener\" aria-label=\"Institut Contemporain de l'Enfance (s\u2019ouvre dans un nouvel onglet)\">Institut Contemporain de l&rsquo;Enfance<\/a><\/strong><\/h3>\n\n\n\n<h5 class=\"wp-block-heading\">Un tout nouvel institut s&rsquo;est cr\u00e9\u00e9, avec pour mission de prioriser le soin \u00e0 l\u2019enfant (l\u2019Institut contemporain de l\u2019enfance). Cr\u00e9\u00e9 par Bernard Golse (ancien patron du service de p\u00e9dopsychiatrie de Necker) et Christine Ascoli-Bouin (ancienne directrice du COPES), nous participons \u00e0 leurs r\u00e9flexions au sein du comit\u00e9 scientifique.<\/h5>\n<\/div><\/div>\n\n\n\n<p><br><\/p>\n","protected":false},"excerpt":{"rendered":"<p>La Mairie de Boulogne-Billancourt Elle est l\u2019appui historique de l\u2019association et supporte avec bienveillance chacune de ses manifestations. Gr\u00e2ce \u00e0 [&hellip;]<\/p>\n","protected":false},"author":1,"featured_media":0,"parent":0,"menu_order":0,"comment_status":"closed","ping_status":"closed","template":"","meta":{"footnotes":""},"class_list":["post-35","page","type-page","status-publish","hentry"],"_links":{"self":[{"href":"https:\/\/enfance-majuscule.fr\/ancien-site\/wp-json\/wp\/v2\/pages\/35","targetHints":{"allow":["GET"]}}],"collection":[{"href":"https:\/\/enfance-majuscule.fr\/ancien-site\/wp-json\/wp\/v2\/pages"}],"about":[{"href":"https:\/\/enfance-majuscule.fr\/ancien-site\/wp-json\/wp\/v2\/types\/page"}],"author":[{"embeddable":true,"href":"https:\/\/enfance-majuscule.fr\/ancien-site\/wp-json\/wp\/v2\/users\/1"}],"replies":[{"embeddable":true,"href":"https:\/\/enfance-majuscule.fr\/ancien-site\/wp-json\/wp\/v2\/comments?post=35"}],"version-history":[{"count":1,"href":"https:\/\/enfance-majuscule.fr\/ancien-site\/wp-json\/wp\/v2\/pages\/35\/revisions"}],"predecessor-version":[{"id":10314,"href":"https:\/\/enfance-majuscule.fr\/ancien-site\/wp-json\/wp\/v2\/pages\/35\/revisions\/10314"}],"wp:attachment":[{"href":"https:\/\/enfance-majuscule.fr\/ancien-site\/wp-json\/wp\/v2\/media?parent=35"}],"curies":[{"name":"wp","href":"https:\/\/api.w.org\/{rel}","templated":true}]}}